{"id":115,"date":"2023-05-20T16:26:57","date_gmt":"2023-05-20T21:26:57","guid":{"rendered":"https:\/\/geotecsas.com\/?page_id=115"},"modified":"2023-05-28T18:18:07","modified_gmt":"2023-05-28T23:18:07","slug":"politicas-de-la-empresa","status":"publish","type":"page","link":"https:\/\/geotecsas.com\/en\/politicas-de-la-empresa\/","title":{"rendered":"Company Policies"},"content":{"rendered":"<section class=\"wpb-content-wrapper\"><div data-vc-full-width=\"true\" data-vc-full-width-init=\"false\" data-vc-stretch-content=\"true\" class=\"vc_row wpb_row vc_row-fluid vc_custom_1684432862503 vc_row-no-padding wd-rs-646667da6e223 wd-section-stretch-content-no-pd\"><div class=\"wpb_column vc_column_container vc_col-sm-12 wd-rs-646667d1e1f67\"><div class=\"vc_column-inner vc_custom_1684432856174\"><div class=\"wpb_wrapper\">\n\t\t\t<!-- START politicas REVOLUTION SLIDER 6.6.13 --><p class=\"rs-p-wp-fix\"><\/p>\n\t\t\t<rs-module-wrap id=\"rev_slider_3_1_wrapper\" data-source=\"gallery\" style=\"visibility:hidden;background:transparent;padding:0;margin:0px auto;margin-top:0;margin-bottom:0;\">\n\t\t\t\t<rs-module id=\"rev_slider_3_1\" style=\"\" data-version=\"6.6.13\">\n\t\t\t\t\t<rs-slides style=\"overflow: hidden; position: absolute;\">\n\t\t\t\t\t\t<rs-slide style=\"position: absolute;\" data-key=\"rs-7\" data-title=\"Slide\" data-in=\"o:0;\" data-out=\"a:false;\">\n\t\t\t\t\t\t\t<img decoding=\"async\" src=\"\/\/geotecsas.com\/wp-content\/plugins\/revslider\/public\/assets\/assets\/dummy.png\" alt=\"banner-nosotros\" width=\"1920\" height=\"451\" class=\"rev-slidebg tp-rs-img rs-lazyload\" data-lazyload=\"\/\/geotecsas.com\/wp-content\/uploads\/banner-nosotros.webp\" data-no-retina>\n<!--\n\t\t\t\t\t\t\t--><rs-layer\n\t\t\t\t\t\t\t\tid=\"slider-3-slide-7-layer-0\" \n\t\t\t\t\t\t\t\tdata-type=\"image\"\n\t\t\t\t\t\t\t\tdata-rsp_ch=\"on\"\n\t\t\t\t\t\t\t\tdata-xy=\"xo:0,0,0,-128px;yo:0,0,0,-8px;\"\n\t\t\t\t\t\t\t\tdata-text=\"w:normal;s:20,20,20,4;l:0,0,0,6;\"\n\t\t\t\t\t\t\t\tdata-dim=\"w:986px,986px,986px,603px;h:434px,434px,434px,265px;\"\n\t\t\t\t\t\t\t\tdata-frame_0=\"x:-50,-50,-50,-11;\"\n\t\t\t\t\t\t\t\tdata-frame_1=\"st:200;sp:1000;\"\n\t\t\t\t\t\t\t\tdata-frame_999=\"o:0;st:w;\"\n\t\t\t\t\t\t\t\tstyle=\"z-index:6;\"\n\t\t\t\t\t\t\t><img decoding=\"async\" src=\"\/\/geotecsas.com\/wp-content\/plugins\/revslider\/public\/assets\/assets\/dummy.png\" alt=\"shape-page\" class=\"tp-rs-img rs-lazyload\" width=\"986\" height=\"434\" data-lazyload=\"\/\/geotecsas.com\/wp-content\/uploads\/shape-page.png\" data-no-retina> \n\t\t\t\t\t\t\t<\/rs-layer><!--\n\n\t\t\t\t\t\t\t--><rs-layer\n\t\t\t\t\t\t\t\tid=\"slider-3-slide-7-layer-1\" \n\t\t\t\t\t\t\t\tdata-type=\"text\"\n\t\t\t\t\t\t\t\tdata-rsp_ch=\"on\"\n\t\t\t\t\t\t\t\tdata-xy=\"x:l,l,l,c;xo:200px,200px,200px,0;y:t,t,t,m;yo:101px,101px,101px,-69px;\"\n\t\t\t\t\t\t\t\tdata-text=\"w:normal;s:55,55,55,27;l:60,60,60,34;fw:700;a:left,left,left,center;\"\n\t\t\t\t\t\t\t\tdata-dim=\"w:auto,auto,auto,272px;\"\n\t\t\t\t\t\t\t\tdata-frame_0=\"x:-50,-50,-50,-19px;y:0,0,0,0px;\"\n\t\t\t\t\t\t\t\tdata-frame_1=\"x:0,0,0,0px;y:0,0,0,0px;st:500;sp:1000;\"\n\t\t\t\t\t\t\t\tdata-frame_999=\"o:0;st:w;\"\n\t\t\t\t\t\t\t\tstyle=\"z-index:7;font-family:'Montserrat';\"\n\t\t\t\t\t\t\t>Company<br \/>\npolicies \n\t\t\t\t\t\t\t<\/rs-layer><!--\n-->\t\t\t\t\t\t<\/rs-slide>\n\t\t\t\t\t<\/rs-slides>\n\t\t\t\t<\/rs-module>\n\t\t\t\t<script>\n\t\t\t\t\tsetREVStartSize({c: 'rev_slider_3_1',rl:[1240,1240,1240,480],el:[451,451,451,400],gw:[1920,1920,1920,480],gh:[451,451,451,400],type:'standard',justify:'',layout:'fullwidth',mh:\"0\"});if (window.RS_MODULES!==undefined && window.RS_MODULES.modules!==undefined && window.RS_MODULES.modules[\"revslider31\"]!==undefined) {window.RS_MODULES.modules[\"revslider31\"].once = false;window.revapi3 = undefined;if (window.RS_MODULES.checkMinimal!==undefined) window.RS_MODULES.checkMinimal()}\n\t\t\t\t<\/script>\n\t\t\t<\/rs-module-wrap>\n\t\t\t<!-- END REVOLUTION SLIDER -->\n<div class=\"vc_row wpb_row vc_inner vc_row-fluid vc_custom_1684502595593 wd-z-index wd-rs-6467783838303\"><div class=\"wpb_column vc_column_container vc_col-sm-12\"><div class=\"vc_column-inner\"><div class=\"wpb_wrapper\">\n\t<div  class=\"wpb_single_image wpb_content_element vc_align_center vc_custom_1684432916939\">\n\t\t\n\t\t<figure class=\"wpb_wrapper vc_figure\">\n\t\t\t<div class=\"vc_single_image-wrapper   vc_box_border_grey\"><img loading=\"lazy\" decoding=\"async\" width=\"1920\" height=\"143\" src=\"https:\/\/geotecsas.com\/wp-content\/uploads\/border.png\" class=\"vc_single_image-img attachment-full\" alt=\"border\" title=\"\" srcset=\"https:\/\/geotecsas.com\/wp-content\/uploads\/border.png 1920w, https:\/\/geotecsas.com\/wp-content\/uploads\/border-300x22.png 300w, https:\/\/geotecsas.com\/wp-content\/uploads\/border-1024x76.png 1024w, https:\/\/geotecsas.com\/wp-content\/uploads\/border-150x11.png 150w, https:\/\/geotecsas.com\/wp-content\/uploads\/border-768x57.png 768w, https:\/\/geotecsas.com\/wp-content\/uploads\/border-1536x114.png 1536w\" sizes=\"auto, (max-width: 1920px) 100vw, 1920px\" \/><\/div>\n\t\t<\/figure>\n\t<\/div>\n<\/div><\/div><\/div><\/div><\/div><\/div><\/div><\/div><div class=\"vc_row-full-width vc_clearfix\"><\/div><section data-vc-full-width=\"true\" data-vc-full-width-init=\"false\" data-vc-stretch-content=\"true\" class=\"vc_section wd-rs-64678c01449c2 wd-section-stretch-content\"><div data-vc-full-width=\"true\" data-vc-full-width-init=\"false\" data-vc-stretch-content=\"true\" class=\"vc_row wpb_row vc_row-fluid vc_custom_1684611052975 vc_row-has-fill vc_row-no-padding wd-bg-left-center wd-rs-64691fe6e9fd4 wd-section-stretch-content-no-pd\"><div class=\"wpb_column vc_column_container vc_col-sm-12 wd-rs-64693b4582fbe\"><div class=\"vc_column-inner vc_custom_1684618058544\"><div class=\"wpb_wrapper\"><div class=\"vc_row wpb_row vc_inner vc_row-fluid vc_custom_1684508356888 vc_column-gap-20 vc_row-o-content-middle vc_row-flex wd-rs-64678ec08bc06\"><div class=\"wpb_column vc_column_container vc_col-sm-6 wd-rs-646791338e046\"><div class=\"vc_column-inner\"><div class=\"wpb_wrapper\">\t\t\t<link rel=\"stylesheet\" id=\"wd-info-box-css\" href=\"https:\/\/geotecsas.com\/wp-content\/themes\/woodmart\/css\/parts\/el-info-box.min.css?ver=7.2.4\" type=\"text\/css\" media=\"all\" \/> \t\t\t\t\t\t<div class=\"info-box-wrapper\">\n\t\t\t\t<div id=\"wd-6473e09836dc8\" class=\"wd-rs-6473e09836dc8 wd-info-box wd-wpb text-left box-icon-align-left box-style- color-scheme- wd-bg-none wd-items-bottom with-btn box-btn-static vc_custom_1685315749817\"  >\n\t\t\t\t\t\t\t\t\t\t\t<div class=\"box-icon-wrapper  box-with-icon box-icon-simple\">\n\t\t\t\t\t\t\t<div class=\"info-box-icon\">\n\n\t\t\t\t\t\t\t\n\t\t\t\t\t\t\t\t\t\t\t\t\t\t\t\t\t<div class=\"info-svg-wrapper info-icon\" style=\"width: 20px;height: 20px;\"><svg id=\"svg-7904\" xmlns=\"http:\/\/www.w3.org\/2000\/svg\" width=\"30\" height=\"30\" viewbox=\"0 0 30 30\" fill=\"none\"><path d=\"M30 15C30 23.2863 23.2863 30 15 30C6.71371 30 0 23.2863 0 15C0 6.71371 6.71371 0 15 0C23.2863 0 30 6.71371 30 15ZM21.3145 13.252L16.9355 17.8185V6.77419C16.9355 5.96976 16.2883 5.32258 15.4839 5.32258H14.5161C13.7117 5.32258 13.0645 5.96976 13.0645 6.77419V17.8185L8.68548 13.252C8.12298 12.6653 7.18548 12.6532 6.61089 13.2278L5.95161 13.8931C5.38306 14.4617 5.38306 15.381 5.95161 15.9435L13.9718 23.9698C14.5403 24.5383 15.4597 24.5383 16.0222 23.9698L24.0484 15.9435C24.6169 15.375 24.6169 14.4556 24.0484 13.8931L23.3891 13.2278C22.8145 12.6532 21.877 12.6653 21.3145 13.252Z\" fill=\"#07224A\"><\/path><\/svg> <\/div>\t\t\t\t\t\t\t\t\t\t\t\t\t\t\t\n\t\t\t\t\t\t\t<\/div>\n\t\t\t\t\t\t<\/div>\n\t\t\t\t\t\t\t\t\t\t<div class=\"info-box-content\">\n\t\t\t\t\t\t\t\t\t\t\t\t<div class=\"info-box-inner set-cont-mb-s reset-last-child\">\n\t\t\t\t\t\t\t\t\t\t\t\t\t<\/div>\n\n\t\t\t\t\t\t<div class=\"info-btn-wrapper\"><div id=\"wd-69e06f1c26d61\" class=\"wd-button-wrapper text-left\"><a href=\"https:\/\/geotecsas.com\/wp-content\/uploads\/GCORP-PO-001-QEHS-POLICY-English.pdf\" title=\"\" target=\"_blank\" class=\"btn btn-color-default btn-style-link btn-style-rectangle btn-size-small\">COMPREHENSIVE POLICY OF QUALITY, ENVIRONMENT, HEALTH, AND SAFETY (QEHS POLICY).<\/a><\/div><\/div>\t\t\t\t\t<\/div>\n\n\t\t\t\t\t<style><\/style>\t\t\t\t<\/div>\n\t\t\t<\/div>\n\t\t\t\t\t<div class=\"info-box-wrapper\">\n\t\t\t\t<div id=\"wd-6473e0cfc40cf\" class=\"wd-rs-6473e0cfc40cf wd-info-box wd-wpb text-left box-icon-align-left box-style- color-scheme- wd-bg-none wd-items-bottom with-btn box-btn-static vc_custom_1685315812456\"  >\n\t\t\t\t\t\t\t\t\t\t\t<div class=\"box-icon-wrapper  box-with-icon box-icon-simple\">\n\t\t\t\t\t\t\t<div class=\"info-box-icon\">\n\n\t\t\t\t\t\t\t\n\t\t\t\t\t\t\t\t\t\t\t\t\t\t\t\t\t<div class=\"info-svg-wrapper info-icon\" style=\"width: 20px;height: 20px;\"><svg id=\"svg-4204\" xmlns=\"http:\/\/www.w3.org\/2000\/svg\" width=\"30\" height=\"30\" viewbox=\"0 0 30 30\" fill=\"none\"><path d=\"M30 15C30 23.2863 23.2863 30 15 30C6.71371 30 0 23.2863 0 15C0 6.71371 6.71371 0 15 0C23.2863 0 30 6.71371 30 15ZM21.3145 13.252L16.9355 17.8185V6.77419C16.9355 5.96976 16.2883 5.32258 15.4839 5.32258H14.5161C13.7117 5.32258 13.0645 5.96976 13.0645 6.77419V17.8185L8.68548 13.252C8.12298 12.6653 7.18548 12.6532 6.61089 13.2278L5.95161 13.8931C5.38306 14.4617 5.38306 15.381 5.95161 15.9435L13.9718 23.9698C14.5403 24.5383 15.4597 24.5383 16.0222 23.9698L24.0484 15.9435C24.6169 15.375 24.6169 14.4556 24.0484 13.8931L23.3891 13.2278C22.8145 12.6532 21.877 12.6653 21.3145 13.252Z\" fill=\"#07224A\"><\/path><\/svg> <\/div>\t\t\t\t\t\t\t\t\t\t\t\t\t\t\t\n\t\t\t\t\t\t\t<\/div>\n\t\t\t\t\t\t<\/div>\n\t\t\t\t\t\t\t\t\t\t<div class=\"info-box-content\">\n\t\t\t\t\t\t\t\t\t\t\t\t<div class=\"info-box-inner set-cont-mb-s reset-last-child\">\n\t\t\t\t\t\t\t\t\t\t\t\t\t<\/div>\n\n\t\t\t\t\t\t<div class=\"info-btn-wrapper\"><div id=\"wd-69e06f1c27240\" class=\"wd-button-wrapper text-left\"><a href=\"https:\/\/geotecsas.com\/wp-content\/uploads\/GCORP-PO-002-NO-ALCOHOL-NO-DRUGS-AND-NO-SMOKING-POLICY-English.pdf\" title=\"\" target=\"_blank\" class=\"btn btn-color-default btn-style-link btn-style-rectangle btn-size-small\">NO ALCOHOL, NO DRUGS AND NO SMOKING POLICY.<\/a><\/div><\/div>\t\t\t\t\t<\/div>\n\n\t\t\t\t\t<style><\/style>\t\t\t\t<\/div>\n\t\t\t<\/div>\n\t\t\t\t\t<div class=\"info-box-wrapper\">\n\t\t\t\t<div id=\"wd-6473e11517c68\" class=\"wd-rs-6473e11517c68 wd-info-box wd-wpb text-left box-icon-align-left box-style- color-scheme- wd-bg-none wd-items-bottom with-btn box-btn-static vc_custom_1685315867191\"  >\n\t\t\t\t\t\t\t\t\t\t\t<div class=\"box-icon-wrapper  box-with-icon box-icon-simple\">\n\t\t\t\t\t\t\t<div class=\"info-box-icon\">\n\n\t\t\t\t\t\t\t\n\t\t\t\t\t\t\t\t\t\t\t\t\t\t\t\t\t<div class=\"info-svg-wrapper info-icon\" style=\"width: 20px;height: 20px;\"><svg id=\"svg-3468\" xmlns=\"http:\/\/www.w3.org\/2000\/svg\" width=\"30\" height=\"30\" viewbox=\"0 0 30 30\" fill=\"none\"><path d=\"M30 15C30 23.2863 23.2863 30 15 30C6.71371 30 0 23.2863 0 15C0 6.71371 6.71371 0 15 0C23.2863 0 30 6.71371 30 15ZM21.3145 13.252L16.9355 17.8185V6.77419C16.9355 5.96976 16.2883 5.32258 15.4839 5.32258H14.5161C13.7117 5.32258 13.0645 5.96976 13.0645 6.77419V17.8185L8.68548 13.252C8.12298 12.6653 7.18548 12.6532 6.61089 13.2278L5.95161 13.8931C5.38306 14.4617 5.38306 15.381 5.95161 15.9435L13.9718 23.9698C14.5403 24.5383 15.4597 24.5383 16.0222 23.9698L24.0484 15.9435C24.6169 15.375 24.6169 14.4556 24.0484 13.8931L23.3891 13.2278C22.8145 12.6532 21.877 12.6653 21.3145 13.252Z\" fill=\"#07224A\"><\/path><\/svg> <\/div>\t\t\t\t\t\t\t\t\t\t\t\t\t\t\t\n\t\t\t\t\t\t\t<\/div>\n\t\t\t\t\t\t<\/div>\n\t\t\t\t\t\t\t\t\t\t<div class=\"info-box-content\">\n\t\t\t\t\t\t\t\t\t\t\t\t<div class=\"info-box-inner set-cont-mb-s reset-last-child\">\n\t\t\t\t\t\t\t\t\t\t\t\t\t<\/div>\n\n\t\t\t\t\t\t<div class=\"info-btn-wrapper\"><div id=\"wd-69e06f1c274e4\" class=\"wd-button-wrapper text-left\"><a href=\"https:\/\/geotecsas.com\/wp-content\/uploads\/GCORP-PO-003-SOCIAL-RESPONSIBILITY-POLICY-English.pdf\" title=\"\" target=\"_blank\" class=\"btn btn-color-default btn-style-link btn-style-rectangle btn-size-small\">SOCIAL RESPONSIBILITY POLICY.<\/a><\/div><\/div>\t\t\t\t\t<\/div>\n\n\t\t\t\t\t<style><\/style>\t\t\t\t<\/div>\n\t\t\t<\/div>\n\t\t\t\t\t<div class=\"info-box-wrapper\">\n\t\t\t\t<div id=\"wd-6473e0f96911d\" class=\"wd-rs-6473e0f96911d wd-info-box wd-wpb text-left box-icon-align-left box-style- color-scheme- wd-bg-none wd-items-bottom with-btn box-btn-static vc_custom_1685315859922\"  >\n\t\t\t\t\t\t\t\t\t\t\t<div class=\"box-icon-wrapper  box-with-icon box-icon-simple\">\n\t\t\t\t\t\t\t<div class=\"info-box-icon\">\n\n\t\t\t\t\t\t\t\n\t\t\t\t\t\t\t\t\t\t\t\t\t\t\t\t\t<div class=\"info-svg-wrapper info-icon\" style=\"width: 20px;height: 20px;\"><svg id=\"svg-8550\" xmlns=\"http:\/\/www.w3.org\/2000\/svg\" width=\"30\" height=\"30\" viewbox=\"0 0 30 30\" fill=\"none\"><path d=\"M30 15C30 23.2863 23.2863 30 15 30C6.71371 30 0 23.2863 0 15C0 6.71371 6.71371 0 15 0C23.2863 0 30 6.71371 30 15ZM21.3145 13.252L16.9355 17.8185V6.77419C16.9355 5.96976 16.2883 5.32258 15.4839 5.32258H14.5161C13.7117 5.32258 13.0645 5.96976 13.0645 6.77419V17.8185L8.68548 13.252C8.12298 12.6653 7.18548 12.6532 6.61089 13.2278L5.95161 13.8931C5.38306 14.4617 5.38306 15.381 5.95161 15.9435L13.9718 23.9698C14.5403 24.5383 15.4597 24.5383 16.0222 23.9698L24.0484 15.9435C24.6169 15.375 24.6169 14.4556 24.0484 13.8931L23.3891 13.2278C22.8145 12.6532 21.877 12.6653 21.3145 13.252Z\" fill=\"#07224A\"><\/path><\/svg> <\/div>\t\t\t\t\t\t\t\t\t\t\t\t\t\t\t\n\t\t\t\t\t\t\t<\/div>\n\t\t\t\t\t\t<\/div>\n\t\t\t\t\t\t\t\t\t\t<div class=\"info-box-content\">\n\t\t\t\t\t\t\t\t\t\t\t\t<div class=\"info-box-inner set-cont-mb-s reset-last-child\">\n\t\t\t\t\t\t\t\t\t\t\t\t\t<\/div>\n\n\t\t\t\t\t\t<div class=\"info-btn-wrapper\"><div id=\"wd-69e06f1c27733\" class=\"wd-button-wrapper text-left\"><a href=\"https:\/\/geotecsas.com\/wp-content\/uploads\/GCORP-PO-004-ETHICS-CODE-English.pdf\" title=\"\" target=\"_blank\" class=\"btn btn-color-default btn-style-link btn-style-rectangle btn-size-small\">ETHICS CODE.<\/a><\/div><\/div>\t\t\t\t\t<\/div>\n\n\t\t\t\t\t<style><\/style>\t\t\t\t<\/div>\n\t\t\t<\/div>\n\t\t\t\t\t<div class=\"info-box-wrapper\">\n\t\t\t\t<div id=\"wd-6473e11d53680\" class=\"wd-rs-6473e11d53680 wd-info-box wd-wpb text-left box-icon-align-left box-style- color-scheme- wd-bg-none wd-items-bottom with-btn box-btn-static vc_custom_1685315885173\"  >\n\t\t\t\t\t\t\t\t\t\t\t<div class=\"box-icon-wrapper  box-with-icon box-icon-simple\">\n\t\t\t\t\t\t\t<div class=\"info-box-icon\">\n\n\t\t\t\t\t\t\t\n\t\t\t\t\t\t\t\t\t\t\t\t\t\t\t\t\t<div class=\"info-svg-wrapper info-icon\" style=\"width: 20px;height: 20px;\"><svg id=\"svg-4680\" xmlns=\"http:\/\/www.w3.org\/2000\/svg\" width=\"30\" height=\"30\" viewbox=\"0 0 30 30\" fill=\"none\"><path d=\"M30 15C30 23.2863 23.2863 30 15 30C6.71371 30 0 23.2863 0 15C0 6.71371 6.71371 0 15 0C23.2863 0 30 6.71371 30 15ZM21.3145 13.252L16.9355 17.8185V6.77419C16.9355 5.96976 16.2883 5.32258 15.4839 5.32258H14.5161C13.7117 5.32258 13.0645 5.96976 13.0645 6.77419V17.8185L8.68548 13.252C8.12298 12.6653 7.18548 12.6532 6.61089 13.2278L5.95161 13.8931C5.38306 14.4617 5.38306 15.381 5.95161 15.9435L13.9718 23.9698C14.5403 24.5383 15.4597 24.5383 16.0222 23.9698L24.0484 15.9435C24.6169 15.375 24.6169 14.4556 24.0484 13.8931L23.3891 13.2278C22.8145 12.6532 21.877 12.6653 21.3145 13.252Z\" fill=\"#07224A\"><\/path><\/svg> <\/div>\t\t\t\t\t\t\t\t\t\t\t\t\t\t\t\n\t\t\t\t\t\t\t<\/div>\n\t\t\t\t\t\t<\/div>\n\t\t\t\t\t\t\t\t\t\t<div class=\"info-box-content\">\n\t\t\t\t\t\t\t\t\t\t\t\t<div class=\"info-box-inner set-cont-mb-s reset-last-child\">\n\t\t\t\t\t\t\t\t\t\t\t\t\t<\/div>\n\n\t\t\t\t\t\t<div class=\"info-btn-wrapper\"><div id=\"wd-69e06f1c27a85\" class=\"wd-button-wrapper text-left\"><a href=\"https:\/\/geotecsas.com\/wp-content\/uploads\/GCORP-PO-005-WORKPLACE-HARASSMENT-PREVENTION-POLICY-English.pdf\" title=\"\" target=\"_blank\" class=\"btn btn-color-default btn-style-link btn-style-rectangle btn-size-small\">WORKPLACE HARASSMENT PREVENTION POLICY.<\/a><\/div><\/div>\t\t\t\t\t<\/div>\n\n\t\t\t\t\t<style><\/style>\t\t\t\t<\/div>\n\t\t\t<\/div>\n\t\t<\/div><\/div><\/div><div class=\"wpb_column vc_column_container vc_col-sm-6\"><div class=\"vc_column-inner\"><div class=\"wpb_wrapper\">\n\t<div  class=\"wpb_single_image wpb_content_element vc_align_center vc_custom_1684611353423\">\n\t\t\n\t\t<figure class=\"wpb_wrapper vc_figure\">\n\t\t\t<div class=\"vc_single_image-wrapper   vc_box_border_grey\"><img loading=\"lazy\" decoding=\"async\" width=\"710\" height=\"446\" src=\"https:\/\/geotecsas.com\/wp-content\/uploads\/politicas.webp\" class=\"vc_single_image-img attachment-full\" alt=\"politicas\" title=\"politicas\" srcset=\"https:\/\/geotecsas.com\/wp-content\/uploads\/politicas.webp 710w, https:\/\/geotecsas.com\/wp-content\/uploads\/politicas-300x188.webp 300w, https:\/\/geotecsas.com\/wp-content\/uploads\/politicas-150x94.webp 150w\" sizes=\"auto, (max-width: 710px) 100vw, 710px\" \/><\/div>\n\t\t<\/figure>\n\t<\/div>\n<\/div><\/div><\/div><\/div><\/div><\/div><\/div><\/div><div class=\"vc_row-full-width vc_clearfix\"><\/div><\/section><div class=\"vc_row-full-width vc_clearfix\"><\/div>\n<\/section>","protected":false},"excerpt":{"rendered":"Pol\u00edticas de la empresa POL\u00cdTICA INTEGRAL DE SEGURIDAD, SALUD EN EL TRABAJO, AMBIENTE Y CALIDAD POL\u00cdTICA DE NO ALCOHOL, NO","protected":false},"author":1,"featured_media":0,"parent":0,"menu_order":0,"comment_status":"closed","ping_status":"closed","template":"","meta":{"footnotes":""},"class_list":["post-115","page","type-page","status-publish","hentry"],"_links":{"self":[{"href":"https:\/\/geotecsas.com\/en\/wp-json\/wp\/v2\/pages\/115","targetHints":{"allow":["GET"]}}],"collection":[{"href":"https:\/\/geotecsas.com\/en\/wp-json\/wp\/v2\/pages"}],"about":[{"href":"https:\/\/geotecsas.com\/en\/wp-json\/wp\/v2\/types\/page"}],"author":[{"embeddable":true,"href":"https:\/\/geotecsas.com\/en\/wp-json\/wp\/v2\/users\/1"}],"replies":[{"embeddable":true,"href":"https:\/\/geotecsas.com\/en\/wp-json\/wp\/v2\/comments?post=115"}],"version-history":[{"count":13,"href":"https:\/\/geotecsas.com\/en\/wp-json\/wp\/v2\/pages\/115\/revisions"}],"predecessor-version":[{"id":342,"href":"https:\/\/geotecsas.com\/en\/wp-json\/wp\/v2\/pages\/115\/revisions\/342"}],"wp:attachment":[{"href":"https:\/\/geotecsas.com\/en\/wp-json\/wp\/v2\/media?parent=115"}],"curies":[{"name":"wp","href":"https:\/\/api.w.org\/{rel}","templated":true}]}}