{"id":104,"date":"2023-05-20T13:28:14","date_gmt":"2023-05-20T18:28:14","guid":{"rendered":"https:\/\/geotecsas.com\/?page_id=104"},"modified":"2023-05-21T21:16:05","modified_gmt":"2023-05-22T02:16:05","slug":"sobre-nosotros","status":"publish","type":"page","link":"https:\/\/geotecsas.com\/en\/sobre-nosotros\/","title":{"rendered":"About us"},"content":{"rendered":"<section class=\"wpb-content-wrapper\"><div data-vc-full-width=\"true\" data-vc-full-width-init=\"false\" data-vc-stretch-content=\"true\" class=\"vc_row wpb_row vc_row-fluid vc_custom_1684432862503 vc_row-no-padding wd-rs-646667da6e223 wd-section-stretch-content-no-pd\"><div class=\"wpb_column vc_column_container vc_col-sm-12 wd-rs-646667d1e1f67\"><div class=\"vc_column-inner vc_custom_1684432856174\"><div class=\"wpb_wrapper\">\n\t\t\t<!-- START nosotros REVOLUTION SLIDER 6.6.13 --><p class=\"rs-p-wp-fix\"><\/p>\n\t\t\t<rs-module-wrap id=\"rev_slider_2_1_wrapper\" data-source=\"gallery\" style=\"visibility:hidden;background:transparent;padding:0;margin:0px auto;margin-top:0;margin-bottom:0;\">\n\t\t\t\t<rs-module id=\"rev_slider_2_1\" style=\"\" data-version=\"6.6.13\">\n\t\t\t\t\t<rs-slides style=\"overflow: hidden; position: absolute;\">\n\t\t\t\t\t\t<rs-slide style=\"position: absolute;\" data-key=\"rs-4\" data-title=\"Slide\" data-in=\"o:0;\" data-out=\"a:false;\">\n\t\t\t\t\t\t\t<img decoding=\"async\" src=\"\/\/geotecsas.com\/wp-content\/plugins\/revslider\/public\/assets\/assets\/dummy.png\" alt=\"banner-nosotros\" width=\"1920\" height=\"451\" class=\"rev-slidebg tp-rs-img rs-lazyload\" data-lazyload=\"\/\/geotecsas.com\/wp-content\/uploads\/banner-nosotros.webp\" data-no-retina>\n<!--\n\t\t\t\t\t\t\t--><rs-layer\n\t\t\t\t\t\t\t\tid=\"slider-2-slide-4-layer-0\" \n\t\t\t\t\t\t\t\tdata-type=\"image\"\n\t\t\t\t\t\t\t\tdata-rsp_ch=\"on\"\n\t\t\t\t\t\t\t\tdata-xy=\"xo:0,0,0,-128px;yo:0,0,0,-8px;\"\n\t\t\t\t\t\t\t\tdata-text=\"w:normal;s:20,20,20,4;l:0,0,0,6;\"\n\t\t\t\t\t\t\t\tdata-dim=\"w:986px,986px,986px,603px;h:434px,434px,434px,265px;\"\n\t\t\t\t\t\t\t\tdata-frame_0=\"x:-50,-50,-50,-11;\"\n\t\t\t\t\t\t\t\tdata-frame_1=\"st:200;sp:1000;\"\n\t\t\t\t\t\t\t\tdata-frame_999=\"o:0;st:w;\"\n\t\t\t\t\t\t\t\tstyle=\"z-index:6;\"\n\t\t\t\t\t\t\t><img decoding=\"async\" src=\"\/\/geotecsas.com\/wp-content\/plugins\/revslider\/public\/assets\/assets\/dummy.png\" alt=\"shape-page\" class=\"tp-rs-img rs-lazyload\" width=\"986\" height=\"434\" data-lazyload=\"\/\/geotecsas.com\/wp-content\/uploads\/shape-page.png\" data-no-retina> \n\t\t\t\t\t\t\t<\/rs-layer><!--\n\n\t\t\t\t\t\t\t--><rs-layer\n\t\t\t\t\t\t\t\tid=\"slider-2-slide-4-layer-1\" \n\t\t\t\t\t\t\t\tdata-type=\"text\"\n\t\t\t\t\t\t\t\tdata-rsp_ch=\"on\"\n\t\t\t\t\t\t\t\tdata-xy=\"x:l,l,l,c;xo:200px,200px,200px,0;y:t,t,t,m;yo:127px,127px,127px,-69px;\"\n\t\t\t\t\t\t\t\tdata-text=\"w:normal;s:55,55,55,27;l:60,60,60,34;fw:700;a:left,left,left,center;\"\n\t\t\t\t\t\t\t\tdata-dim=\"w:auto,auto,auto,272px;\"\n\t\t\t\t\t\t\t\tdata-frame_0=\"x:-50,-50,-50,-19px;y:0,0,0,0px;\"\n\t\t\t\t\t\t\t\tdata-frame_1=\"x:0,0,0,0px;y:0,0,0,0px;st:500;sp:1000;\"\n\t\t\t\t\t\t\t\tdata-frame_999=\"o:0;st:w;\"\n\t\t\t\t\t\t\t\tstyle=\"z-index:7;font-family:'Montserrat';\"\n\t\t\t\t\t\t\t>About us \n\t\t\t\t\t\t\t<\/rs-layer><!--\n-->\t\t\t\t\t\t<\/rs-slide>\n\t\t\t\t\t<\/rs-slides>\n\t\t\t\t<\/rs-module>\n\t\t\t\t<script>\n\t\t\t\t\tsetREVStartSize({c: 'rev_slider_2_1',rl:[1240,1240,1240,480],el:[451,451,451,400],gw:[1920,1920,1920,480],gh:[451,451,451,400],type:'standard',justify:'',layout:'fullwidth',mh:\"0\"});if (window.RS_MODULES!==undefined && window.RS_MODULES.modules!==undefined && window.RS_MODULES.modules[\"revslider21\"]!==undefined) {window.RS_MODULES.modules[\"revslider21\"].once = false;window.revapi2 = undefined;if (window.RS_MODULES.checkMinimal!==undefined) window.RS_MODULES.checkMinimal()}\n\t\t\t\t<\/script>\n\t\t\t<\/rs-module-wrap>\n\t\t\t<!-- END REVOLUTION SLIDER -->\n<div class=\"vc_row wpb_row vc_inner vc_row-fluid vc_custom_1684502595593 wd-z-index wd-rs-6467783838303\"><div class=\"wpb_column vc_column_container vc_col-sm-12\"><div class=\"vc_column-inner\"><div class=\"wpb_wrapper\">\n\t<div  class=\"wpb_single_image wpb_content_element vc_align_center vc_custom_1684432916939\">\n\t\t\n\t\t<figure class=\"wpb_wrapper vc_figure\">\n\t\t\t<div class=\"vc_single_image-wrapper   vc_box_border_grey\"><img loading=\"lazy\" decoding=\"async\" width=\"1920\" height=\"143\" src=\"https:\/\/geotecsas.com\/wp-content\/uploads\/border.png\" class=\"vc_single_image-img attachment-full\" alt=\"border\" title=\"\" srcset=\"https:\/\/geotecsas.com\/wp-content\/uploads\/border.png 1920w, https:\/\/geotecsas.com\/wp-content\/uploads\/border-300x22.png 300w, https:\/\/geotecsas.com\/wp-content\/uploads\/border-1024x76.png 1024w, https:\/\/geotecsas.com\/wp-content\/uploads\/border-150x11.png 150w, https:\/\/geotecsas.com\/wp-content\/uploads\/border-768x57.png 768w, https:\/\/geotecsas.com\/wp-content\/uploads\/border-1536x114.png 1536w\" sizes=\"auto, (max-width: 1920px) 100vw, 1920px\" \/><\/div>\n\t\t<\/figure>\n\t<\/div>\n<\/div><\/div><\/div><\/div><\/div><\/div><\/div><\/div><div class=\"vc_row-full-width vc_clearfix\"><\/div><section data-vc-full-width=\"true\" data-vc-full-width-init=\"false\" data-vc-stretch-content=\"true\" class=\"vc_section wd-rs-64678c01449c2 wd-section-stretch-content\"><div data-vc-full-width=\"true\" data-vc-full-width-init=\"false\" data-vc-stretch-content=\"true\" class=\"vc_row wpb_row vc_row-fluid vc_custom_1684609254901 vc_row-has-fill vc_row-no-padding wd-bg-left-center wd-rs-6469182a78c1d wd-section-stretch-content-no-pd\"><div class=\"wpb_column vc_column_container vc_col-sm-12 wd-rs-64678fe0bef0b\"><div class=\"vc_column-inner vc_custom_1684508648465\"><div class=\"wpb_wrapper\"><div class=\"vc_row wpb_row vc_inner vc_row-fluid vc_custom_1684508356888 vc_column-gap-20 vc_row-o-content-middle vc_row-flex wd-rs-64678ec08bc06\"><div class=\"wpb_column vc_column_container vc_col-sm-6 wd-rs-646791338e046\"><div class=\"vc_column-inner\"><div class=\"wpb_wrapper\">\t\t\t<link rel=\"stylesheet\" id=\"wd-section-title-css\" href=\"https:\/\/geotecsas.com\/wp-content\/themes\/woodmart\/css\/parts\/el-section-title.min.css?ver=7.2.4\" type=\"text\/css\" media=\"all\" \/> \t\t\t\t\t\t<link rel=\"stylesheet\" id=\"wd-mod-highlighted-text-css\" href=\"https:\/\/geotecsas.com\/wp-content\/themes\/woodmart\/css\/parts\/mod-highlighted-text.min.css?ver=7.2.4\" type=\"text\/css\" media=\"all\" \/> \t\t\t\n\t\t<div id=\"wd-646918efaf96d\" class=\"title-wrapper wd-wpb set-mb-s reset-last-child  wd-rs-646918efaf96d wd-title-color-default wd-title-style-default text-left  wd-underline-colored\">\n\t\t\t\n\t\t\t<div class=\"liner-continer\">\n\t\t\t\t<h3 class=\"woodmart-title-container title  wd-font-weight-700 wd-fontsize-xxl\" >Who we are?<\/h3>\n\t\t\t\t\t\t\t<\/div>\n\t\t\t\n\t\t\t\n\t\t\t\n\t\t<\/div>\n\t\t\n\t\t\t\t\t<link rel=\"stylesheet\" id=\"wd-text-block-css\" href=\"https:\/\/geotecsas.com\/wp-content\/themes\/woodmart\/css\/parts\/el-text-block.min.css?ver=7.2.4\" type=\"text\/css\" media=\"all\" \/> \t\t\t\t\t<div id=\"wd-646918f74b76b\" class=\"wd-text-block wd-wpb reset-last-child wd-rs-646918f74b76b text-left wd-width-enabled wd-font-weight-400\" style=\"--wd-max-width: 80%;\">\n\t\t\t<p>GEOTEC, S.A.S, we are an organization focused on supplying specialized chemical products applied to mining, paper makers companies, hydrocarbons and water treatment, chemical cleaning processes in aquifer wells and oil industrial surface facilities, as well as offering clean technologies...<\/p>\n<p>Focusing on providing \"Environmentally Friendly\" and customized Green solutions to meet the operational needs of our partners.<\/p>\n\t\t<\/div>\n\t\t<div id=\"wd-646ad03c0d6aa\" class=\"wd-rs-646ad03c0d6aa  wd-button-wrapper text-center inline-element\"><a href=\"https:\/\/geotecsas.com\/en\/productos\/\" title=\"\" class=\"btn btn-scheme-custom btn-scheme-hover-custom btn-style-default btn-style-round btn-size-large\">View products<\/a><\/div><div id=\"wd-646ad05fc7056\" class=\"wd-rs-646ad05fc7056  wd-button-wrapper text-center inline-element\"><a href=\"https:\/\/geotecsas.com\/en\/contactanos\/\" title=\"\" class=\"btn btn-scheme-custom btn-scheme-hover-custom btn-style-bordered btn-style-round btn-size-large\">Contact<\/a><\/div><\/div><\/div><\/div><div class=\"wpb_column vc_column_container vc_col-sm-6\"><div class=\"vc_column-inner\"><div class=\"wpb_wrapper\">\n\t<div  class=\"wpb_single_image wpb_content_element vc_align_center vc_custom_1684508689747\">\n\t\t\n\t\t<figure class=\"wpb_wrapper vc_figure\">\n\t\t\t<div class=\"vc_single_image-wrapper   vc_box_border_grey\"><img loading=\"lazy\" decoding=\"async\" width=\"710\" height=\"446\" src=\"https:\/\/geotecsas.com\/wp-content\/uploads\/quienes-somos.webp\" class=\"vc_single_image-img attachment-full\" alt=\"quienes somos\" title=\"quienes somos\" srcset=\"https:\/\/geotecsas.com\/wp-content\/uploads\/quienes-somos.webp 710w, https:\/\/geotecsas.com\/wp-content\/uploads\/quienes-somos-300x188.webp 300w, https:\/\/geotecsas.com\/wp-content\/uploads\/quienes-somos-150x94.webp 150w\" sizes=\"auto, (max-width: 710px) 100vw, 710px\" \/><\/div>\n\t\t<\/figure>\n\t<\/div>\n<\/div><\/div><\/div><\/div><\/div><\/div><\/div><\/div><div class=\"vc_row-full-width vc_clearfix\"><\/div><\/section><div class=\"vc_row-full-width vc_clearfix\"><\/div><section data-vc-full-width=\"true\" data-vc-full-width-init=\"false\" data-vc-stretch-content=\"true\" class=\"vc_section wd-rs-64678c01449c2 wd-section-stretch-content\"><div data-vc-full-width=\"true\" data-vc-full-width-init=\"false\" data-vc-stretch-content=\"true\" class=\"vc_row wpb_row vc_row-fluid vc_row-no-padding wd-rs-64678c0b1114f wd-section-stretch-content-no-pd\"><div class=\"wpb_column vc_column_container vc_col-sm-12\"><div class=\"vc_column-inner\"><div class=\"wpb_wrapper\">\t\t\t<link rel=\"stylesheet\" id=\"wd-dividers-css\" href=\"https:\/\/geotecsas.com\/wp-content\/themes\/woodmart\/css\/parts\/el-row-divider.min.css?ver=7.2.4\" type=\"text\/css\" media=\"all\" \/> \t\t\t\t\t\t<div id=\"wd-64678c3846f38\" class=\"wd-row-divider wd-64678c3846f38 dvr-position-bottom dvr-style-sweet-wave\">\n\t\t\t\t<svg width=\"100%\" height=\"50px\" viewbox=\"0 0 1920 80\" xmlns=\"http:\/\/www.w3.org\/2000\/svg\" preserveaspectratio=\"none\">\n<path d=\"M0 20C0 20 169.5 0 510 0C850.5 0 1069.5 60 1410 60C1750.5 60 1920 20 1920 20V80H0V20Z\" \/>\n<\/svg>\n\t\t\t\t\t\t\t<\/div>\n\t\t<\/div><\/div><\/div><\/div><div class=\"vc_row-full-width vc_clearfix\"><\/div><div data-vc-full-width=\"true\" data-vc-full-width-init=\"false\" data-vc-stretch-content=\"true\" class=\"vc_row wpb_row vc_row-fluid vc_custom_1684609033960 vc_row-has-fill vc_row-no-padding wd-bg-right-center wd-rs-646917f08e7e5 wd-section-stretch-content-no-pd\"><div class=\"wpb_column vc_column_container vc_col-sm-12 wd-rs-64678fe0bef0b\"><div class=\"vc_column-inner vc_custom_1684508648465\"><div class=\"wpb_wrapper\"><div class=\"vc_row wpb_row vc_inner vc_row-fluid vc_custom_1684609638219 vc_column-gap-20 vc_row-o-content-middle vc_row-flex row-reverse-mobile wd-rs-64691a5ea0765\"><div class=\"wpb_column vc_column_container vc_col-sm-6 wd-rs-64691ac544582\"><div class=\"vc_column-inner\"><div class=\"wpb_wrapper\">\n\t<div  class=\"wpb_single_image wpb_content_element vc_align_center vc_custom_1684609654428\">\n\t\t\n\t\t<figure class=\"wpb_wrapper vc_figure\">\n\t\t\t<div class=\"vc_single_image-wrapper   vc_box_border_grey\"><img loading=\"lazy\" decoding=\"async\" width=\"710\" height=\"446\" src=\"https:\/\/geotecsas.com\/wp-content\/uploads\/mision.webp\" class=\"vc_single_image-img attachment-full\" alt=\"mision\" title=\"mision\" srcset=\"https:\/\/geotecsas.com\/wp-content\/uploads\/mision.webp 710w, https:\/\/geotecsas.com\/wp-content\/uploads\/mision-300x188.webp 300w, https:\/\/geotecsas.com\/wp-content\/uploads\/mision-150x94.webp 150w\" sizes=\"auto, (max-width: 710px) 100vw, 710px\" \/><\/div>\n\t\t<\/figure>\n\t<\/div>\n<\/div><\/div><\/div><div class=\"wpb_column vc_column_container vc_col-sm-6 wd-rs-64691ae822cab\"><div class=\"vc_column-inner vc_custom_1684609776676\"><div class=\"wpb_wrapper\">\n\t\t<div id=\"wd-64691a78bf360\" class=\"title-wrapper wd-wpb set-mb-s reset-last-child  wd-rs-64691a78bf360 wd-title-color-default wd-title-style-default text-left  wd-underline-colored\">\n\t\t\t\n\t\t\t<div class=\"liner-continer\">\n\t\t\t\t<h4 class=\"woodmart-title-container title  wd-font-weight-700 wd-fontsize-xxl\" >Our Mission<\/h4>\n\t\t\t\t\t\t\t<\/div>\n\t\t\t\n\t\t\t\n\t\t\t\n\t\t<\/div>\n\t\t\n\t\t\t\t<div id=\"wd-64691acd6abd6\" class=\"wd-text-block wd-wpb reset-last-child wd-rs-64691acd6abd6 text-left wd-width-enabled wd-font-weight-400\" style=\"--wd-max-width: 90%;\">\n\t\t\t<p>We are a company that markets chemical solutions for the areas of mining, stationery, hydrocarbons and industrial water treatment, wastewater, and purification, with the creation of value through innovative, sustainable, and environmentally friendly solutions, operating in an environment of improvement continues to always seek to exceed the expectations of our customers, providing transformative results to achieve a cleaner and healthier world.<\/p>\n\t\t<\/div>\n\t\t<div id=\"wd-646ad046035c1\" class=\"wd-rs-646ad046035c1  wd-button-wrapper text-center inline-element\"><a href=\"https:\/\/geotecsas.com\/en\/productos\/\" title=\"\" class=\"btn btn-scheme-custom btn-scheme-hover-custom btn-style-default btn-style-round btn-size-large\">View products<\/a><\/div><div id=\"wd-646ad058d09a6\" class=\"wd-rs-646ad058d09a6  wd-button-wrapper text-center inline-element\"><a href=\"https:\/\/geotecsas.com\/en\/contactanos\/\" title=\"\" class=\"btn btn-scheme-custom btn-scheme-hover-custom btn-style-bordered btn-style-round btn-size-large\">Contact<\/a><\/div><\/div><\/div><\/div><\/div><\/div><\/div><\/div><\/div><div class=\"vc_row-full-width vc_clearfix\"><\/div><div data-vc-full-width=\"true\" data-vc-full-width-init=\"false\" data-vc-stretch-content=\"true\" class=\"vc_row wpb_row vc_row-fluid vc_custom_1684508174903 vc_row-no-padding wd-rs-64678e0a8e2cd wd-section-stretch-content-no-pd\"><div class=\"wpb_column vc_column_container vc_col-sm-12 wd-rs-64678e0302760\"><div class=\"vc_column-inner vc_custom_1684508167874\"><div class=\"wpb_wrapper\">\t\t\t<div id=\"wd-64678c15b6771\" class=\"wd-row-divider wd-64678c15b6771 dvr-position-top dvr-style-sweet-wave\">\n\t\t\t\t<svg width=\"100%\" height=\"50px\" viewbox=\"0 0 1920 80\" xmlns=\"http:\/\/www.w3.org\/2000\/svg\" class=\"wd-divider\" preserveaspectratio=\"none\">\n<path class=\"elementor-shape-fill\" d=\"M1920,60s-169.5,20-510,20S850.5,20,510,20,0,60,0,60V0H1920Z\" \/>\n<\/svg>\n\t\t\t\t\t\t\t<\/div>\n\t\t<\/div><\/div><\/div><\/div><div class=\"vc_row-full-width vc_clearfix\"><\/div><\/section><div class=\"vc_row-full-width vc_clearfix\"><\/div><section data-vc-full-width=\"true\" data-vc-full-width-init=\"false\" data-vc-stretch-content=\"true\" class=\"vc_section wd-rs-64678c01449c2 wd-section-stretch-content\"><div data-vc-full-width=\"true\" data-vc-full-width-init=\"false\" data-vc-stretch-content=\"true\" class=\"vc_row wpb_row vc_row-fluid vc_custom_1684610201062 vc_row-has-fill vc_row-no-padding wd-bg-right-center wd-rs-64691c93ad75b wd-section-stretch-content-no-pd\"><div class=\"wpb_column vc_column_container vc_col-sm-12 wd-rs-64678fe0bef0b\"><div class=\"vc_column-inner vc_custom_1684508648465\"><div class=\"wpb_wrapper\"><div class=\"vc_row wpb_row vc_inner vc_row-fluid vc_custom_1684610165865 vc_column-gap-20 wd-rs-64691c6ea1096\"><div class=\"wpb_column vc_column_container vc_col-sm-6 wd-rs-646791338e046\"><div class=\"vc_column-inner\"><div class=\"wpb_wrapper\">\n\t\t<div id=\"wd-64691c35996fa\" class=\"title-wrapper wd-wpb set-mb-s reset-last-child  wd-rs-64691c35996fa wd-title-color-default wd-title-style-default text-left  wd-underline-colored\">\n\t\t\t\n\t\t\t<div class=\"liner-continer\">\n\t\t\t\t<h5 class=\"woodmart-title-container title  wd-font-weight-700 wd-fontsize-xxl\" >Our vision<\/h5>\n\t\t\t\t\t\t\t<\/div>\n\t\t\t\n\t\t\t\n\t\t\t\n\t\t<\/div>\n\t\t\n\t\t\t\t<div id=\"wd-64691c3f5ba4b\" class=\"wd-text-block wd-wpb reset-last-child wd-rs-64691c3f5ba4b text-left wd-width-enabled wd-font-weight-400\" style=\"--wd-max-width: 80%;\">\n\t\t\t<p>Be considered the best option for our strategic allies and clients, one that offers chemical products and solutions based on quality mainly and with high standards.<\/p>\n\t\t<\/div>\n\t\t\n\t\t<div id=\"wd-64691c5307122\" class=\"title-wrapper wd-wpb set-mb-s reset-last-child  wd-rs-64691c5307122 wd-title-color-default wd-title-style-default text-left  wd-underline-colored\">\n\t\t\t\n\t\t\t<div class=\"liner-continer\">\n\t\t\t\t<h5 class=\"woodmart-title-container title  wd-font-weight-700 wd-fontsize-xxl\" >Our values<\/h5>\n\t\t\t\t\t\t\t<\/div>\n\t\t\t\n\t\t\t\n\t\t\t\n\t\t<\/div>\n\t\t\n\t\t\t\t<div id=\"wd-64691c5e90581\" class=\"wd-text-block wd-wpb reset-last-child wd-rs-64691c5e90581 text-left wd-width-enabled wd-font-weight-400\" style=\"--wd-max-width: 80%;\">\n\t\t\t<ul>\n<li>Discipline and respect<\/li>\n<li>Absolute ethics<\/li>\n<li>Commitment and Passion for what we do<\/li>\n<li>Honesty and transparency<\/li>\n<li>Integration and development of human capital<\/li>\n<li>Kindness and gentleness in all interactions<\/li>\n<li>Social and ecological responsibility<\/li>\n<\/ul>\n\t\t<\/div>\n\t\t<div id=\"wd-646ad04d2cec9\" class=\"wd-rs-646ad04d2cec9  wd-button-wrapper text-center inline-element\"><a href=\"https:\/\/geotecsas.com\/en\/productos\/\" title=\"\" class=\"btn btn-scheme-custom btn-scheme-hover-custom btn-style-default btn-style-round btn-size-large\">View products<\/a><\/div><\/div><\/div><\/div><div class=\"wpb_column vc_column_container vc_col-sm-6\"><div class=\"vc_column-inner\"><div class=\"wpb_wrapper\">\n\t<div  class=\"wpb_single_image wpb_content_element vc_align_center vc_custom_1684610099291\">\n\t\t\n\t\t<figure class=\"wpb_wrapper vc_figure\">\n\t\t\t<div class=\"vc_single_image-wrapper   vc_box_border_grey\"><img loading=\"lazy\" decoding=\"async\" width=\"710\" height=\"585\" src=\"https:\/\/geotecsas.com\/wp-content\/uploads\/vision.webp\" class=\"vc_single_image-img attachment-full\" alt=\"vision\" title=\"vision\" srcset=\"https:\/\/geotecsas.com\/wp-content\/uploads\/vision.webp 710w, https:\/\/geotecsas.com\/wp-content\/uploads\/vision-300x247.webp 300w, https:\/\/geotecsas.com\/wp-content\/uploads\/vision-150x124.webp 150w\" sizes=\"auto, (max-width: 710px) 100vw, 710px\" \/><\/div>\n\t\t<\/figure>\n\t<\/div>\n<\/div><\/div><\/div><\/div><\/div><\/div><\/div><\/div><div class=\"vc_row-full-width vc_clearfix\"><\/div><\/section><div class=\"vc_row-full-width vc_clearfix\"><\/div>\n<\/section>","protected":false},"excerpt":{"rendered":"Sobre nosotros \u00bfQui\u00e9nes somos? GEOTEC, S.A.S, Somos una organizaci\u00f3n enfocada en suministrar productos qu\u00edmicos especializados aplicados a la miner\u00eda, papeler\u00eda,","protected":false},"author":1,"featured_media":0,"parent":0,"menu_order":0,"comment_status":"closed","ping_status":"closed","template":"","meta":{"footnotes":""},"class_list":["post-104","page","type-page","status-publish","hentry"],"_links":{"self":[{"href":"https:\/\/geotecsas.com\/en\/wp-json\/wp\/v2\/pages\/104","targetHints":{"allow":["GET"]}}],"collection":[{"href":"https:\/\/geotecsas.com\/en\/wp-json\/wp\/v2\/pages"}],"about":[{"href":"https:\/\/geotecsas.com\/en\/wp-json\/wp\/v2\/types\/page"}],"author":[{"embeddable":true,"href":"https:\/\/geotecsas.com\/en\/wp-json\/wp\/v2\/users\/1"}],"replies":[{"embeddable":true,"href":"https:\/\/geotecsas.com\/en\/wp-json\/wp\/v2\/comments?post=104"}],"version-history":[{"count":9,"href":"https:\/\/geotecsas.com\/en\/wp-json\/wp\/v2\/pages\/104\/revisions"}],"predecessor-version":[{"id":246,"href":"https:\/\/geotecsas.com\/en\/wp-json\/wp\/v2\/pages\/104\/revisions\/246"}],"wp:attachment":[{"href":"https:\/\/geotecsas.com\/en\/wp-json\/wp\/v2\/media?parent=104"}],"curies":[{"name":"wp","href":"https:\/\/api.w.org\/{rel}","templated":true}]}}